{"id":69,"date":"2023-07-17T14:31:39","date_gmt":"2023-07-17T14:31:39","guid":{"rendered":"http:\/\/noxiy.local\/?page_id=68"},"modified":"2025-06-26T14:42:19","modified_gmt":"2025-06-26T14:42:19","slug":"contacto","status":"publish","type":"page","link":"https:\/\/www.nutraautism.com\/?page_id=69","title":{"rendered":"Contacto"},"content":{"rendered":"\t\t<div data-elementor-type=\"wp-page\" data-elementor-id=\"69\" class=\"elementor elementor-69\">\n\t\t\t\t\t\t<section class=\"elementor-section elementor-top-section elementor-element elementor-element-9856f4e elementor-section-boxed elementor-section-height-default elementor-section-height-default\" data-id=\"9856f4e\" data-element_type=\"section\" data-e-type=\"section\">\n\t\t\t\t\t\t<div class=\"elementor-container elementor-column-gap-default\">\n\t\t\t\t\t<div class=\"elementor-column elementor-col-25 elementor-top-column elementor-element elementor-element-e3f0028\" data-id=\"e3f0028\" data-element_type=\"column\" data-e-type=\"column\" data-settings=\"{&quot;background_background&quot;:&quot;classic&quot;}\">\n\t\t\t<div class=\"elementor-widget-wrap elementor-element-populated\">\n\t\t\t\t\t\t<div class=\"elementor-element elementor-element-b162239 e-transform elementor-widget elementor-widget-image\" data-id=\"b162239\" data-element_type=\"widget\" data-e-type=\"widget\" data-settings=\"{&quot;_transform_scale_effect&quot;:{&quot;unit&quot;:&quot;px&quot;,&quot;size&quot;:1.1,&quot;sizes&quot;:[]},&quot;_transform_scale_effect_tablet&quot;:{&quot;unit&quot;:&quot;px&quot;,&quot;size&quot;:&quot;&quot;,&quot;sizes&quot;:[]},&quot;_transform_scale_effect_mobile&quot;:{&quot;unit&quot;:&quot;px&quot;,&quot;size&quot;:&quot;&quot;,&quot;sizes&quot;:[]}}\" data-widget_type=\"image.default\">\n\t\t\t\t<div class=\"elementor-widget-container\">\n\t\t\t\t\t\t\t\t\t\t\t\t\t\t\t<img decoding=\"async\" width=\"54\" height=\"54\" src=\"https:\/\/www.nutraautism.com\/wp-content\/uploads\/2024\/02\/icono-03.png\" class=\"attachment-large size-large wp-image-2732\" alt=\"\" \/>\t\t\t\t\t\t\t\t\t\t\t\t\t\t\t<\/div>\n\t\t\t\t<\/div>\n\t\t\t\t<div class=\"elementor-element elementor-element-b4f89f0 elementor-widget elementor-widget-heading\" data-id=\"b4f89f0\" data-element_type=\"widget\" data-e-type=\"widget\" data-widget_type=\"heading.default\">\n\t\t\t\t<div class=\"elementor-widget-container\">\n\t\t\t\t\t<h4 class=\"elementor-heading-title elementor-size-default\">Direcci\u00f3n<\/h4>\t\t\t\t<\/div>\n\t\t\t\t<\/div>\n\t\t\t\t<div class=\"elementor-element elementor-element-48ecf07 elementor-widget elementor-widget-text-editor\" data-id=\"48ecf07\" data-element_type=\"widget\" data-e-type=\"widget\" data-widget_type=\"text-editor.default\">\n\t\t\t\t<div class=\"elementor-widget-container\">\n\t\t\t\t\t\t\t\t\t<p>Avenida Abd\u00f3n Calder\u00f3n y Pambahacienda, San Pedro del Valle de Nay\u00f3n, Distrito Metropolitano de Quito, a 2 cuadras del Campus Nay\u00f3n de la Pont\u00edfica Universidad Cat\u00f3lica del Ecuador. (Ubicaci\u00f3n en Google Maps como NutraAutism).<\/p>\t\t\t\t\t\t\t\t<\/div>\n\t\t\t\t<\/div>\n\t\t\t\t\t<\/div>\n\t\t<\/div>\n\t\t\t\t<div class=\"elementor-column elementor-col-25 elementor-top-column elementor-element elementor-element-9ce2918\" data-id=\"9ce2918\" data-element_type=\"column\" data-e-type=\"column\" data-settings=\"{&quot;background_background&quot;:&quot;classic&quot;}\">\n\t\t\t<div class=\"elementor-widget-wrap elementor-element-populated\">\n\t\t\t\t\t\t<div class=\"elementor-element elementor-element-de26408 e-transform elementor-widget elementor-widget-image\" data-id=\"de26408\" data-element_type=\"widget\" data-e-type=\"widget\" data-settings=\"{&quot;_transform_scale_effect&quot;:{&quot;unit&quot;:&quot;px&quot;,&quot;size&quot;:1.2,&quot;sizes&quot;:[]},&quot;_transform_scale_effect_tablet&quot;:{&quot;unit&quot;:&quot;px&quot;,&quot;size&quot;:&quot;&quot;,&quot;sizes&quot;:[]},&quot;_transform_scale_effect_mobile&quot;:{&quot;unit&quot;:&quot;px&quot;,&quot;size&quot;:&quot;&quot;,&quot;sizes&quot;:[]}}\" data-widget_type=\"image.default\">\n\t\t\t\t<div class=\"elementor-widget-container\">\n\t\t\t\t\t\t\t\t\t\t\t\t\t\t\t<img decoding=\"async\" width=\"54\" height=\"54\" src=\"https:\/\/www.nutraautism.com\/wp-content\/uploads\/2024\/02\/icono-04.png\" class=\"attachment-full size-full wp-image-2731\" alt=\"\" \/>\t\t\t\t\t\t\t\t\t\t\t\t\t\t\t<\/div>\n\t\t\t\t<\/div>\n\t\t\t\t<div class=\"elementor-element elementor-element-7c9ae4c elementor-widget elementor-widget-heading\" data-id=\"7c9ae4c\" data-element_type=\"widget\" data-e-type=\"widget\" data-widget_type=\"heading.default\">\n\t\t\t\t<div class=\"elementor-widget-container\">\n\t\t\t\t\t<h4 class=\"elementor-heading-title elementor-size-default\">Email <\/h4>\t\t\t\t<\/div>\n\t\t\t\t<\/div>\n\t\t\t\t<div class=\"elementor-element elementor-element-eb1910c elementor-align-center elementor-icon-list--layout-traditional elementor-list-item-link-full_width elementor-widget elementor-widget-icon-list\" data-id=\"eb1910c\" data-element_type=\"widget\" data-e-type=\"widget\" data-widget_type=\"icon-list.default\">\n\t\t\t\t<div class=\"elementor-widget-container\">\n\t\t\t\t\t\t\t<ul class=\"elementor-icon-list-items\">\n\t\t\t\t\t\t\t<li class=\"elementor-icon-list-item\">\n\t\t\t\t\t\t\t\t\t\t\t<a href=\"mailto:info@nutraautism.com\">\n\n\t\t\t\t\t\t\t\t\t\t\t<span class=\"elementor-icon-list-text\">info@nutraautism.com<\/span>\n\t\t\t\t\t\t\t\t\t\t\t<\/a>\n\t\t\t\t\t\t\t\t\t<\/li>\n\t\t\t\t\t\t\t\t<li class=\"elementor-icon-list-item\">\n\t\t\t\t\t\t\t\t\t\t<span class=\"elementor-icon-list-text\">dr.castro@nutraautism.com<\/span>\n\t\t\t\t\t\t\t\t\t<\/li>\n\t\t\t\t\t\t\t\t<li class=\"elementor-icon-list-item\">\n\t\t\t\t\t\t\t\t\t\t<span class=\"elementor-icon-list-text\">dra.torres@nutraautism.com<\/span>\n\t\t\t\t\t\t\t\t\t<\/li>\n\t\t\t\t\t\t<\/ul>\n\t\t\t\t\t\t<\/div>\n\t\t\t\t<\/div>\n\t\t\t\t\t<\/div>\n\t\t<\/div>\n\t\t\t\t<div class=\"elementor-column elementor-col-25 elementor-top-column elementor-element elementor-element-878eca5\" data-id=\"878eca5\" data-element_type=\"column\" data-e-type=\"column\" data-settings=\"{&quot;background_background&quot;:&quot;classic&quot;}\">\n\t\t\t<div class=\"elementor-widget-wrap elementor-element-populated\">\n\t\t\t\t\t\t<div class=\"elementor-element elementor-element-782693a e-transform elementor-widget elementor-widget-image\" data-id=\"782693a\" data-element_type=\"widget\" data-e-type=\"widget\" data-settings=\"{&quot;_transform_scale_effect&quot;:{&quot;unit&quot;:&quot;px&quot;,&quot;size&quot;:1.1,&quot;sizes&quot;:[]},&quot;_transform_scale_effect_tablet&quot;:{&quot;unit&quot;:&quot;px&quot;,&quot;size&quot;:&quot;&quot;,&quot;sizes&quot;:[]},&quot;_transform_scale_effect_mobile&quot;:{&quot;unit&quot;:&quot;px&quot;,&quot;size&quot;:&quot;&quot;,&quot;sizes&quot;:[]}}\" data-widget_type=\"image.default\">\n\t\t\t\t<div class=\"elementor-widget-container\">\n\t\t\t\t\t\t\t\t\t\t\t\t\t\t\t<img decoding=\"async\" width=\"54\" height=\"54\" src=\"https:\/\/www.nutraautism.com\/wp-content\/uploads\/2024\/02\/icono-02.png\" class=\"attachment-full size-full wp-image-2733\" alt=\"\" \/>\t\t\t\t\t\t\t\t\t\t\t\t\t\t\t<\/div>\n\t\t\t\t<\/div>\n\t\t\t\t<div class=\"elementor-element elementor-element-d5425e2 elementor-widget elementor-widget-heading\" data-id=\"d5425e2\" data-element_type=\"widget\" data-e-type=\"widget\" data-widget_type=\"heading.default\">\n\t\t\t\t<div class=\"elementor-widget-container\">\n\t\t\t\t\t<h4 class=\"elementor-heading-title elementor-size-default\">Whatsapp y Llamadas<\/h4>\t\t\t\t<\/div>\n\t\t\t\t<\/div>\n\t\t\t\t<div class=\"elementor-element elementor-element-c326099 elementor-align-center elementor-icon-list--layout-traditional elementor-list-item-link-full_width elementor-widget elementor-widget-icon-list\" data-id=\"c326099\" data-element_type=\"widget\" data-e-type=\"widget\" data-widget_type=\"icon-list.default\">\n\t\t\t\t<div class=\"elementor-widget-container\">\n\t\t\t\t\t\t\t<ul class=\"elementor-icon-list-items\">\n\t\t\t\t\t\t\t<li class=\"elementor-icon-list-item\">\n\t\t\t\t\t\t\t\t\t\t\t<a href=\"tel:(+106)935-0120\">\n\n\t\t\t\t\t\t\t\t\t\t\t<span class=\"elementor-icon-list-text\">+593 999969457<\/span>\n\t\t\t\t\t\t\t\t\t\t\t<\/a>\n\t\t\t\t\t\t\t\t\t<\/li>\n\t\t\t\t\t\t<\/ul>\n\t\t\t\t\t\t<\/div>\n\t\t\t\t<\/div>\n\t\t\t\t\t<\/div>\n\t\t<\/div>\n\t\t\t\t<div class=\"elementor-column elementor-col-25 elementor-top-column elementor-element elementor-element-b614b1b\" data-id=\"b614b1b\" data-element_type=\"column\" data-e-type=\"column\" data-settings=\"{&quot;background_background&quot;:&quot;classic&quot;}\">\n\t\t\t<div class=\"elementor-widget-wrap elementor-element-populated\">\n\t\t\t\t\t\t<div class=\"elementor-element elementor-element-088855f e-transform elementor-widget elementor-widget-image\" data-id=\"088855f\" data-element_type=\"widget\" data-e-type=\"widget\" data-settings=\"{&quot;_transform_scale_effect&quot;:{&quot;unit&quot;:&quot;px&quot;,&quot;size&quot;:1.2,&quot;sizes&quot;:[]},&quot;_transform_scale_effect_tablet&quot;:{&quot;unit&quot;:&quot;px&quot;,&quot;size&quot;:&quot;&quot;,&quot;sizes&quot;:[]},&quot;_transform_scale_effect_mobile&quot;:{&quot;unit&quot;:&quot;px&quot;,&quot;size&quot;:&quot;&quot;,&quot;sizes&quot;:[]}}\" data-widget_type=\"image.default\">\n\t\t\t\t<div class=\"elementor-widget-container\">\n\t\t\t\t\t\t\t\t\t\t\t\t\t\t\t<img loading=\"lazy\" decoding=\"async\" width=\"54\" height=\"54\" src=\"https:\/\/www.nutraautism.com\/wp-content\/uploads\/2024\/02\/icono-05.png\" class=\"attachment-full size-full wp-image-2734\" alt=\"\" \/>\t\t\t\t\t\t\t\t\t\t\t\t\t\t\t<\/div>\n\t\t\t\t<\/div>\n\t\t\t\t<div class=\"elementor-element elementor-element-2d302b7 elementor-widget elementor-widget-heading\" data-id=\"2d302b7\" data-element_type=\"widget\" data-e-type=\"widget\" data-widget_type=\"heading.default\">\n\t\t\t\t<div class=\"elementor-widget-container\">\n\t\t\t\t\t<h4 class=\"elementor-heading-title elementor-size-default\">Horario<\/h4>\t\t\t\t<\/div>\n\t\t\t\t<\/div>\n\t\t\t\t<div class=\"elementor-element elementor-element-106780d elementor-widget elementor-widget-text-editor\" data-id=\"106780d\" data-element_type=\"widget\" data-e-type=\"widget\" data-widget_type=\"text-editor.default\">\n\t\t\t\t<div class=\"elementor-widget-container\">\n\t\t\t\t\t\t\t\t\t<p>Lunes a Viernes: 09h30 &#8211; 19h00<\/p><p>S\u00e1bado: 09h00 &#8211; 13h00<\/p><p><em>Modalidad de atenci\u00f3n Presencial y Virtual seg\u00fan disponibilidad.<\/em><\/p>\t\t\t\t\t\t\t\t<\/div>\n\t\t\t\t<\/div>\n\t\t\t\t\t<\/div>\n\t\t<\/div>\n\t\t\t\t\t<\/div>\n\t\t<\/section>\n\t\t\t\t<section class=\"elementor-section elementor-top-section elementor-element elementor-element-29b382c elementor-section-full_width elementor-section-height-default elementor-section-height-default\" data-id=\"29b382c\" data-element_type=\"section\" data-e-type=\"section\">\n\t\t\t\t\t\t<div class=\"elementor-container elementor-column-gap-no\">\n\t\t\t\t\t<div class=\"elementor-column elementor-col-100 elementor-top-column elementor-element elementor-element-1d77390\" data-id=\"1d77390\" data-element_type=\"column\" data-e-type=\"column\">\n\t\t\t<div class=\"elementor-widget-wrap elementor-element-populated\">\n\t\t\t\t\t\t<div class=\"elementor-element elementor-element-e7f5092 elementor-widget elementor-widget-google_maps\" data-id=\"e7f5092\" data-element_type=\"widget\" data-e-type=\"widget\" data-widget_type=\"google_maps.default\">\n\t\t\t\t<div class=\"elementor-widget-container\">\n\t\t\t\t\t\t\t<div class=\"elementor-custom-embed\">\n\t\t\t<iframe loading=\"lazy\"\n\t\t\t\t\tsrc=\"https:\/\/maps.google.com\/maps?q=-0.17708910%2C-78.42508720&#038;t=m&#038;z=16&#038;output=embed&#038;iwloc=near\"\n\t\t\t\t\ttitle=\"-0.17708910,-78.42508720\"\n\t\t\t\t\taria-label=\"-0.17708910,-78.42508720\"\n\t\t\t><\/iframe>\n\t\t<\/div>\n\t\t\t\t\t\t<\/div>\n\t\t\t\t<\/div>\n\t\t\t\t\t<\/div>\n\t\t<\/div>\n\t\t\t\t\t<\/div>\n\t\t<\/section>\n\t\t\t\t<section class=\"elementor-section elementor-top-section elementor-element elementor-element-119b896 elementor-section-boxed elementor-section-height-default elementor-section-height-default\" data-id=\"119b896\" data-element_type=\"section\" data-e-type=\"section\">\n\t\t\t\t\t\t<div class=\"elementor-container elementor-column-gap-default\">\n\t\t\t\t\t<div class=\"elementor-column elementor-col-100 elementor-top-column elementor-element elementor-element-cb7d190\" data-id=\"cb7d190\" data-element_type=\"column\" data-e-type=\"column\" data-settings=\"{&quot;background_background&quot;:&quot;classic&quot;}\">\n\t\t\t<div class=\"elementor-widget-wrap elementor-element-populated\">\n\t\t\t\t\t\t<div class=\"elementor-element elementor-element-94a04d6 elementor-widget elementor-widget-subtitle-noxiy\" data-id=\"94a04d6\" data-element_type=\"widget\" data-e-type=\"widget\" data-widget_type=\"subtitle-noxiy.default\">\n\t\t\t\t<div class=\"elementor-widget-container\">\n\t\t\t\t\t\r\n\r\n        <div class=\"subtitle-noxiy\">\r\n                        <span>\r\n                D\u00e9janos un mensaje            <\/span>\r\n        <\/div>\r\n\r\n\r\n        \t\t\t\t<\/div>\n\t\t\t\t<\/div>\n\t\t\t\t<div class=\"elementor-element elementor-element-684bcf3 elementor-widget__width-initial elementor-widget-tablet__width-inherit elementor-widget elementor-widget-heading\" data-id=\"684bcf3\" data-element_type=\"widget\" data-e-type=\"widget\" data-widget_type=\"heading.default\">\n\t\t\t\t<div class=\"elementor-widget-container\">\n\t\t\t\t\t<h2 class=\"elementor-heading-title elementor-size-default\">Estamos listos para responder tus dudas<\/h2>\t\t\t\t<\/div>\n\t\t\t\t<\/div>\n\t\t\t\t<div class=\"elementor-element elementor-element-bbb6828 elementor-widget elementor-widget-shortcode\" data-id=\"bbb6828\" data-element_type=\"widget\" data-e-type=\"widget\" data-widget_type=\"shortcode.default\">\n\t\t\t\t<div class=\"elementor-widget-container\">\n\t\t\t\t\t\t\t<div class=\"elementor-shortcode\"><!-- HTML Forms v1.6.4 - https:\/\/wordpress.org\/plugins\/html-forms\/ -->\n<form method=\"post\"  class=\"hf-form hf-form-408 \" data-id=\"408\" data-title=\"Contact 01\" data-slug=\"contact-01\" data-message-success=\"Muchas gracias por su mensaje, nos pondremos en contacto con usted.\" data-message-invalid-email=\"La direcci\u00f3n de correo es inv\u00e1lida.\" data-message-required-field-missing=\"Por favor complete todos los campos.\" data-message-error=\"Oops. An error occurred.\" data-message-recaptcha-failed=\"reCAPTCHA verification failed. Please try again.\" data-message-recaptcha-low-score=\"Your submission appears to be spam. Please try again.\"><input type=\"hidden\" name=\"_hf_form_id\" value=\"408\" \/><div style=\"display: none;\"><input type=\"text\" name=\"_hf_h408\" value=\"\" \/><\/div><div class=\"hf-fields-wrap\">\t\t\t\t\t\t\t\t<div class=\"row t-center\">\r\n\t\t\t\t\t\t\t\t\t<div class=\"col-md-6 mb-30\">\r\n\t\t\t\t\t\t\t\t\t\t<div class=\"contact__two-right-form-item contact-item\">\r\n\t\t\t\t\t\t\t\t\t\t\t<span class=\"fal fa-user\"><\/span>\r\n\t\t\t\t\t\t\t\t\t\t\t<input type=\"text\" name=\"name\" placeholder=\"Nombre\" required=\"required\">\r\n\t\t\t\t\t\t\t\t\t\t<\/div>\r\n\t\t\t\t\t\t\t\t\t<\/div>\r\n\t\t\t\t\t\t\t\t\t<div class=\"col-md-6 md-mb-30\">\r\n\t\t\t\t\t\t\t\t\t\t<div class=\"contact__two-right-form-item contact-item\">\r\n\t\t\t\t\t\t\t\t\t\t\t<span class=\"far fa-envelope-open\"><\/span>\r\n\t\t\t\t\t\t\t\t\t\t\t<input type=\"email\" name=\"email\" placeholder=\"Correo\" required=\"required\">\t\t\t\t\t\t\t\t\t\t\t\r\n\t\t\t\t\t\t\t\t\t\t<\/div>\r\n\t\t\t\t\t\t\t\t\t<\/div>\r\n\t\t\t\t\t\t\t\t\t<div class=\"col-md-12 mb-30\">\r\n\t\t\t\t\t\t\t\t\t\t<div class=\"contact__two-right-form-item contact-item\">\r\n\t\t\t\t\t\t\t\t\t\t\t<span class=\"fal fa-book\"><\/span>\r\n\t\t\t\t\t\t\t\t\t\t\t<input type=\"text\" name=\"subject\" placeholder=\"Asunto\">\r\n\t\t\t\t\t\t\t\t\t\t<\/div>\r\n\t\t\t\t\t\t\t\t\t<\/div>\r\n\t\t\t\t\t\t\t\t\t<div class=\"col-md-12 mb-30\">\r\n\t\t\t\t\t\t\t\t\t\t<div class=\"contact__two-right-form-item contact-item\">\r\n\t\t\t\t\t\t\t\t\t\t\t<span class=\"far fa-comments\"><\/span>\r\n\t\t\t\t\t\t\t\t\t\t\t<textarea name=\"message\" placeholder=\"Mensaje\"><\/textarea>\r\n\t\t\t\t\t\t\t\t\t\t<\/div>\r\n\t\t\t\t\t\t\t\t\t<\/div>\r\n\t\t\t\t\t\t\t\t\t<div class=\"col-md-12\">\r\n\t\t\t\t\t\t\t\t\t\t<div class=\"contact__two-right-form-item\">\r\n\t\t\t\t\t\t\t\t\t\t\t<button class=\"btn-one\" type=\"submit\">Enviar <\/button>\r\n\t\t\t\t\t\t\t\t\t\t<\/div>\r\n\t\t\t\t\t\t\t\t\t<\/div>\r\n\t\t\t\t\t\t\t\t<\/div>\r\n\t\t\t\t\t\t\t<noscript>Please enable JavaScript for this form to work.<\/noscript><\/div><\/form><!-- \/ HTML Forms --><\/div>\n\t\t\t\t\t\t<\/div>\n\t\t\t\t<\/div>\n\t\t\t\t\t<\/div>\n\t\t<\/div>\n\t\t\t\t\t<\/div>\n\t\t<\/section>\n\t\t\t\t<\/div>\n\t\t","protected":false},"excerpt":{"rendered":"<p>Direcci\u00f3n Avenida Abd\u00f3n Calder\u00f3n y Pambahacienda, San Pedro del Valle de Nay\u00f3n, Distrito Metropolitano de Quito, a 2 cuadras del Campus Nay\u00f3n de la Pont\u00edfica Universidad Cat\u00f3lica del Ecuador. (Ubicaci\u00f3n en Google Maps como NutraAutism). Email info@nutraautism.com dr.castro@nutraautism.com dra.torres@nutraautism.com Whatsapp y Llamadas +593 999969457 Horario Lunes a Viernes: 09h30 &#8211; 19h00 S\u00e1bado: 09h00 &#8211; 13h00 [&hellip;]<\/p>\n","protected":false},"author":1,"featured_media":0,"parent":0,"menu_order":0,"comment_status":"closed","ping_status":"closed","template":"page-builder.php","meta":{"_joinchat":[],"footnotes":""},"class_list":["post-69","page","type-page","status-publish","hentry"],"yoast_head":"<!-- This site is optimized with the Yoast SEO plugin v27.6 - https:\/\/yoast.com\/product\/yoast-seo-wordpress\/ -->\n<title>Contacto - Nutrici\u00f3n y Autismo<\/title>\n<meta name=\"robots\" content=\"index, follow, max-snippet:-1, max-image-preview:large, max-video-preview:-1\" \/>\n<link rel=\"canonical\" href=\"https:\/\/www.nutraautism.com\/?page_id=69\" \/>\n<meta property=\"og:locale\" content=\"es_ES\" \/>\n<meta property=\"og:type\" content=\"article\" \/>\n<meta property=\"og:title\" content=\"Contacto - Nutrici\u00f3n y Autismo\" \/>\n<meta property=\"og:description\" content=\"Direcci\u00f3n Avenida Abd\u00f3n Calder\u00f3n y Pambahacienda, San Pedro del Valle de Nay\u00f3n, Distrito Metropolitano de Quito, a 2 cuadras del Campus Nay\u00f3n de la Pont\u00edfica Universidad Cat\u00f3lica del Ecuador. (Ubicaci\u00f3n en Google Maps como NutraAutism). Email info@nutraautism.com dr.castro@nutraautism.com dra.torres@nutraautism.com Whatsapp y Llamadas +593 999969457 Horario Lunes a Viernes: 09h30 &#8211; 19h00 S\u00e1bado: 09h00 &#8211; 13h00 [&hellip;]\" \/>\n<meta property=\"og:url\" content=\"https:\/\/www.nutraautism.com\/?page_id=69\" \/>\n<meta property=\"og:site_name\" content=\"Nutrici\u00f3n y Autismo\" \/>\n<meta property=\"article:publisher\" content=\"https:\/\/www.facebook.com\/profile.php?id=61556102195892\" \/>\n<meta property=\"article:modified_time\" content=\"2025-06-26T14:42:19+00:00\" \/>\n<meta property=\"og:image\" content=\"https:\/\/www.nutraautism.com\/wp-content\/uploads\/2024\/02\/icono-03.png\" \/>\n\t<meta property=\"og:image:width\" content=\"54\" \/>\n\t<meta property=\"og:image:height\" content=\"54\" \/>\n\t<meta property=\"og:image:type\" content=\"image\/png\" \/>\n<meta name=\"twitter:card\" content=\"summary_large_image\" \/>\n<meta name=\"twitter:label1\" content=\"Tiempo de lectura\" \/>\n\t<meta name=\"twitter:data1\" content=\"2 minutos\" \/>\n<script type=\"application\/ld+json\" class=\"yoast-schema-graph\">{\"@context\":\"https:\\\/\\\/schema.org\",\"@graph\":[{\"@type\":\"WebPage\",\"@id\":\"https:\\\/\\\/www.nutraautism.com\\\/?page_id=69\",\"url\":\"https:\\\/\\\/www.nutraautism.com\\\/?page_id=69\",\"name\":\"Contacto - Nutrici\u00f3n y Autismo\",\"isPartOf\":{\"@id\":\"https:\\\/\\\/www.nutraautism.com\\\/#website\"},\"primaryImageOfPage\":{\"@id\":\"https:\\\/\\\/www.nutraautism.com\\\/?page_id=69#primaryimage\"},\"image\":{\"@id\":\"https:\\\/\\\/www.nutraautism.com\\\/?page_id=69#primaryimage\"},\"thumbnailUrl\":\"https:\\\/\\\/www.nutraautism.com\\\/wp-content\\\/uploads\\\/2024\\\/02\\\/icono-03.png\",\"datePublished\":\"2023-07-17T14:31:39+00:00\",\"dateModified\":\"2025-06-26T14:42:19+00:00\",\"breadcrumb\":{\"@id\":\"https:\\\/\\\/www.nutraautism.com\\\/?page_id=69#breadcrumb\"},\"inLanguage\":\"es\",\"potentialAction\":[{\"@type\":\"ReadAction\",\"target\":[\"https:\\\/\\\/www.nutraautism.com\\\/?page_id=69\"]}]},{\"@type\":\"ImageObject\",\"inLanguage\":\"es\",\"@id\":\"https:\\\/\\\/www.nutraautism.com\\\/?page_id=69#primaryimage\",\"url\":\"https:\\\/\\\/www.nutraautism.com\\\/wp-content\\\/uploads\\\/2024\\\/02\\\/icono-03.png\",\"contentUrl\":\"https:\\\/\\\/www.nutraautism.com\\\/wp-content\\\/uploads\\\/2024\\\/02\\\/icono-03.png\",\"width\":54,\"height\":54},{\"@type\":\"BreadcrumbList\",\"@id\":\"https:\\\/\\\/www.nutraautism.com\\\/?page_id=69#breadcrumb\",\"itemListElement\":[{\"@type\":\"ListItem\",\"position\":1,\"name\":\"Portada\",\"item\":\"https:\\\/\\\/www.nutraautism.com\\\/\"},{\"@type\":\"ListItem\",\"position\":2,\"name\":\"Contacto\"}]},{\"@type\":\"WebSite\",\"@id\":\"https:\\\/\\\/www.nutraautism.com\\\/#website\",\"url\":\"https:\\\/\\\/www.nutraautism.com\\\/\",\"name\":\"NutraAutism\",\"description\":\"Nutrici\u00f3n para ni\u00f1os dentro del Espectro Autista\",\"publisher\":{\"@id\":\"https:\\\/\\\/www.nutraautism.com\\\/#organization\"},\"alternateName\":\"Nutrici\u00f3n y Autismo\",\"potentialAction\":[{\"@type\":\"SearchAction\",\"target\":{\"@type\":\"EntryPoint\",\"urlTemplate\":\"https:\\\/\\\/www.nutraautism.com\\\/?s={search_term_string}\"},\"query-input\":{\"@type\":\"PropertyValueSpecification\",\"valueRequired\":true,\"valueName\":\"search_term_string\"}}],\"inLanguage\":\"es\"},{\"@type\":\"Organization\",\"@id\":\"https:\\\/\\\/www.nutraautism.com\\\/#organization\",\"name\":\"Nutrici\u00f3n y Autismo\",\"url\":\"https:\\\/\\\/www.nutraautism.com\\\/\",\"logo\":{\"@type\":\"ImageObject\",\"inLanguage\":\"es\",\"@id\":\"https:\\\/\\\/www.nutraautism.com\\\/#\\\/schema\\\/logo\\\/image\\\/\",\"url\":\"https:\\\/\\\/www.nutraautism.com\\\/wp-content\\\/uploads\\\/2024\\\/02\\\/cropped-nutra2.png\",\"contentUrl\":\"https:\\\/\\\/www.nutraautism.com\\\/wp-content\\\/uploads\\\/2024\\\/02\\\/cropped-nutra2.png\",\"width\":1103,\"height\":1176,\"caption\":\"Nutrici\u00f3n y Autismo\"},\"image\":{\"@id\":\"https:\\\/\\\/www.nutraautism.com\\\/#\\\/schema\\\/logo\\\/image\\\/\"},\"sameAs\":[\"https:\\\/\\\/www.facebook.com\\\/profile.php?id=61556102195892\"]}]}<\/script>\n<!-- \/ Yoast SEO plugin. -->","yoast_head_json":{"title":"Contacto - Nutrici\u00f3n y Autismo","robots":{"index":"index","follow":"follow","max-snippet":"max-snippet:-1","max-image-preview":"max-image-preview:large","max-video-preview":"max-video-preview:-1"},"canonical":"https:\/\/www.nutraautism.com\/?page_id=69","og_locale":"es_ES","og_type":"article","og_title":"Contacto - Nutrici\u00f3n y Autismo","og_description":"Direcci\u00f3n Avenida Abd\u00f3n Calder\u00f3n y Pambahacienda, San Pedro del Valle de Nay\u00f3n, Distrito Metropolitano de Quito, a 2 cuadras del Campus Nay\u00f3n de la Pont\u00edfica Universidad Cat\u00f3lica del Ecuador. (Ubicaci\u00f3n en Google Maps como NutraAutism). Email info@nutraautism.com dr.castro@nutraautism.com dra.torres@nutraautism.com Whatsapp y Llamadas +593 999969457 Horario Lunes a Viernes: 09h30 &#8211; 19h00 S\u00e1bado: 09h00 &#8211; 13h00 [&hellip;]","og_url":"https:\/\/www.nutraautism.com\/?page_id=69","og_site_name":"Nutrici\u00f3n y Autismo","article_publisher":"https:\/\/www.facebook.com\/profile.php?id=61556102195892","article_modified_time":"2025-06-26T14:42:19+00:00","og_image":[{"width":54,"height":54,"url":"https:\/\/www.nutraautism.com\/wp-content\/uploads\/2024\/02\/icono-03.png","type":"image\/png"}],"twitter_card":"summary_large_image","twitter_misc":{"Tiempo de lectura":"2 minutos"},"schema":{"@context":"https:\/\/schema.org","@graph":[{"@type":"WebPage","@id":"https:\/\/www.nutraautism.com\/?page_id=69","url":"https:\/\/www.nutraautism.com\/?page_id=69","name":"Contacto - Nutrici\u00f3n y Autismo","isPartOf":{"@id":"https:\/\/www.nutraautism.com\/#website"},"primaryImageOfPage":{"@id":"https:\/\/www.nutraautism.com\/?page_id=69#primaryimage"},"image":{"@id":"https:\/\/www.nutraautism.com\/?page_id=69#primaryimage"},"thumbnailUrl":"https:\/\/www.nutraautism.com\/wp-content\/uploads\/2024\/02\/icono-03.png","datePublished":"2023-07-17T14:31:39+00:00","dateModified":"2025-06-26T14:42:19+00:00","breadcrumb":{"@id":"https:\/\/www.nutraautism.com\/?page_id=69#breadcrumb"},"inLanguage":"es","potentialAction":[{"@type":"ReadAction","target":["https:\/\/www.nutraautism.com\/?page_id=69"]}]},{"@type":"ImageObject","inLanguage":"es","@id":"https:\/\/www.nutraautism.com\/?page_id=69#primaryimage","url":"https:\/\/www.nutraautism.com\/wp-content\/uploads\/2024\/02\/icono-03.png","contentUrl":"https:\/\/www.nutraautism.com\/wp-content\/uploads\/2024\/02\/icono-03.png","width":54,"height":54},{"@type":"BreadcrumbList","@id":"https:\/\/www.nutraautism.com\/?page_id=69#breadcrumb","itemListElement":[{"@type":"ListItem","position":1,"name":"Portada","item":"https:\/\/www.nutraautism.com\/"},{"@type":"ListItem","position":2,"name":"Contacto"}]},{"@type":"WebSite","@id":"https:\/\/www.nutraautism.com\/#website","url":"https:\/\/www.nutraautism.com\/","name":"NutraAutism","description":"Nutrici\u00f3n para ni\u00f1os dentro del Espectro Autista","publisher":{"@id":"https:\/\/www.nutraautism.com\/#organization"},"alternateName":"Nutrici\u00f3n y Autismo","potentialAction":[{"@type":"SearchAction","target":{"@type":"EntryPoint","urlTemplate":"https:\/\/www.nutraautism.com\/?s={search_term_string}"},"query-input":{"@type":"PropertyValueSpecification","valueRequired":true,"valueName":"search_term_string"}}],"inLanguage":"es"},{"@type":"Organization","@id":"https:\/\/www.nutraautism.com\/#organization","name":"Nutrici\u00f3n y Autismo","url":"https:\/\/www.nutraautism.com\/","logo":{"@type":"ImageObject","inLanguage":"es","@id":"https:\/\/www.nutraautism.com\/#\/schema\/logo\/image\/","url":"https:\/\/www.nutraautism.com\/wp-content\/uploads\/2024\/02\/cropped-nutra2.png","contentUrl":"https:\/\/www.nutraautism.com\/wp-content\/uploads\/2024\/02\/cropped-nutra2.png","width":1103,"height":1176,"caption":"Nutrici\u00f3n y Autismo"},"image":{"@id":"https:\/\/www.nutraautism.com\/#\/schema\/logo\/image\/"},"sameAs":["https:\/\/www.facebook.com\/profile.php?id=61556102195892"]}]}},"_links":{"self":[{"href":"https:\/\/www.nutraautism.com\/index.php?rest_route=\/wp\/v2\/pages\/69","targetHints":{"allow":["GET"]}}],"collection":[{"href":"https:\/\/www.nutraautism.com\/index.php?rest_route=\/wp\/v2\/pages"}],"about":[{"href":"https:\/\/www.nutraautism.com\/index.php?rest_route=\/wp\/v2\/types\/page"}],"author":[{"embeddable":true,"href":"https:\/\/www.nutraautism.com\/index.php?rest_route=\/wp\/v2\/users\/1"}],"replies":[{"embeddable":true,"href":"https:\/\/www.nutraautism.com\/index.php?rest_route=%2Fwp%2Fv2%2Fcomments&post=69"}],"version-history":[{"count":44,"href":"https:\/\/www.nutraautism.com\/index.php?rest_route=\/wp\/v2\/pages\/69\/revisions"}],"predecessor-version":[{"id":2870,"href":"https:\/\/www.nutraautism.com\/index.php?rest_route=\/wp\/v2\/pages\/69\/revisions\/2870"}],"wp:attachment":[{"href":"https:\/\/www.nutraautism.com\/index.php?rest_route=%2Fwp%2Fv2%2Fmedia&parent=69"}],"curies":[{"name":"wp","href":"https:\/\/api.w.org\/{rel}","templated":true}]}}